{"id":236,"date":"2021-03-16T20:02:51","date_gmt":"2021-03-17T01:02:51","guid":{"rendered":"http:\/\/localhost\/boxexpress2021\/?page_id=236"},"modified":"2021-03-25T08:42:53","modified_gmt":"2021-03-25T13:42:53","slug":"hagase-nuestro-agente","status":"publish","type":"page","link":"https:\/\/boxexpress.com\/en\/hagase-nuestro-agente\/","title":{"rendered":"H\u00e1gase nuestro agente"},"content":{"rendered":"<p>Diligencie este formulario para formalizar su solicitud de aliarse a nuestra red de Agentes Autorizados de BoxExpress<\/p>\n\n\n\n<figure class=\"wp-block-image size-large\"><img loading=\"lazy\" decoding=\"async\" width=\"300\" height=\"600\" src=\"http:\/\/dev.boxexpress.com\/wp-content\/uploads\/2021\/03\/solicitud-agente-autorizado.jpg\" alt=\"\" class=\"wp-image-240\"\/><\/figure>","protected":false},"excerpt":{"rendered":"<p>Diligencie este formulario para formalizar su solicitud de aliarse a nuestra red de Agentes Autorizados de BoxExpress<\/p>","protected":false},"author":1,"featured_media":150,"parent":0,"menu_order":0,"comment_status":"closed","ping_status":"closed","template":"nuestro-agente\/nuestro-agente.php","meta":{"footnotes":""},"class_list":["post-236","page","type-page","status-publish","has-post-thumbnail","hentry"],"yoast_head":"<!-- This site is optimized with the Yoast SEO plugin v23.5 - https:\/\/yoast.com\/wordpress\/plugins\/seo\/ -->\n<title>Boxex | Unlimited Courier<\/title>\n<meta name=\"description\" content=\"Env\u00eda tus compras de manera f\u00e1cil, r\u00e1pida y segura con Boxex. Env\u00eda a Colombia, Venezuela y todo Centreoam\u00e9rica\" \/>\n<meta name=\"robots\" content=\"index, follow, max-snippet:-1, max-image-preview:large, max-video-preview:-1\" \/>\n<link rel=\"canonical\" href=\"https:\/\/boxexpress.com\/en\/hagase-nuestro-agente\/\" \/>\n<meta property=\"og:locale\" content=\"en_US\" \/>\n<meta property=\"og:type\" content=\"article\" \/>\n<meta property=\"og:title\" content=\"Boxex | Unlimited Courier\" \/>\n<meta property=\"og:description\" content=\"Env\u00eda tus compras de manera f\u00e1cil, r\u00e1pida y segura con Boxex. Env\u00eda a Colombia, Venezuela y todo Centreoam\u00e9rica\" \/>\n<meta property=\"og:url\" content=\"https:\/\/boxexpress.com\/en\/hagase-nuestro-agente\/\" \/>\n<meta property=\"og:site_name\" content=\"Unlimited Courier\" \/>\n<meta property=\"article:modified_time\" content=\"2021-03-25T13:42:53+00:00\" \/>\n<meta property=\"og:image\" content=\"https:\/\/boxexpress.com\/wp-content\/uploads\/2021\/03\/web-13.png\" \/>\n\t<meta property=\"og:image:width\" content=\"5604\" \/>\n\t<meta property=\"og:image:height\" content=\"1383\" \/>\n\t<meta property=\"og:image:type\" content=\"image\/png\" \/>\n<meta name=\"twitter:card\" content=\"summary_large_image\" \/>\n<script type=\"application\/ld+json\" class=\"yoast-schema-graph\">{\"@context\":\"https:\/\/schema.org\",\"@graph\":[{\"@type\":\"WebPage\",\"@id\":\"https:\/\/boxexpress.com\/hagase-nuestro-agente\/\",\"url\":\"https:\/\/boxexpress.com\/hagase-nuestro-agente\/\",\"name\":\"Boxex | Unlimited Courier\",\"isPartOf\":{\"@id\":\"https:\/\/boxexpress.com\/#website\"},\"primaryImageOfPage\":{\"@id\":\"https:\/\/boxexpress.com\/hagase-nuestro-agente\/#primaryimage\"},\"image\":{\"@id\":\"https:\/\/boxexpress.com\/hagase-nuestro-agente\/#primaryimage\"},\"thumbnailUrl\":\"https:\/\/boxexpress.com\/wp-content\/uploads\/2021\/03\/web-13.png\",\"datePublished\":\"2021-03-17T01:02:51+00:00\",\"dateModified\":\"2021-03-25T13:42:53+00:00\",\"description\":\"Env\u00eda tus compras de manera f\u00e1cil, r\u00e1pida y segura con Boxex. Env\u00eda a Colombia, Venezuela y todo Centreoam\u00e9rica\",\"breadcrumb\":{\"@id\":\"https:\/\/boxexpress.com\/hagase-nuestro-agente\/#breadcrumb\"},\"inLanguage\":\"en-US\",\"potentialAction\":[{\"@type\":\"ReadAction\",\"target\":[\"https:\/\/boxexpress.com\/hagase-nuestro-agente\/\"]}]},{\"@type\":\"ImageObject\",\"inLanguage\":\"en-US\",\"@id\":\"https:\/\/boxexpress.com\/hagase-nuestro-agente\/#primaryimage\",\"url\":\"https:\/\/boxexpress.com\/wp-content\/uploads\/2021\/03\/web-13.png\",\"contentUrl\":\"https:\/\/boxexpress.com\/wp-content\/uploads\/2021\/03\/web-13.png\",\"width\":5604,\"height\":1383},{\"@type\":\"BreadcrumbList\",\"@id\":\"https:\/\/boxexpress.com\/hagase-nuestro-agente\/#breadcrumb\",\"itemListElement\":[{\"@type\":\"ListItem\",\"position\":1,\"name\":\"Home\",\"item\":\"https:\/\/boxexpress.com\/\"},{\"@type\":\"ListItem\",\"position\":2,\"name\":\"H\u00e1gase nuestro agente\"}]},{\"@type\":\"WebSite\",\"@id\":\"https:\/\/boxexpress.com\/#website\",\"url\":\"https:\/\/boxexpress.com\/\",\"name\":\"Unlimited Courier\",\"description\":\"Boxex\",\"publisher\":{\"@id\":\"https:\/\/boxexpress.com\/#organization\"},\"potentialAction\":[{\"@type\":\"SearchAction\",\"target\":{\"@type\":\"EntryPoint\",\"urlTemplate\":\"https:\/\/boxexpress.com\/?s={search_term_string}\"},\"query-input\":{\"@type\":\"PropertyValueSpecification\",\"valueRequired\":true,\"valueName\":\"search_term_string\"}}],\"inLanguage\":\"en-US\"},{\"@type\":\"Organization\",\"@id\":\"https:\/\/boxexpress.com\/#organization\",\"name\":\"Boxex I Unlimited Courier\",\"url\":\"https:\/\/boxexpress.com\/\",\"logo\":{\"@type\":\"ImageObject\",\"inLanguage\":\"en-US\",\"@id\":\"https:\/\/boxexpress.com\/#\/schema\/logo\/image\/\",\"url\":\"https:\/\/boxexpress.com\/wp-content\/uploads\/2025\/04\/logo_boxexespress_latinmail.png\",\"contentUrl\":\"https:\/\/boxexpress.com\/wp-content\/uploads\/2025\/04\/logo_boxexespress_latinmail.png\",\"width\":2048,\"height\":407,\"caption\":\"Boxex I Unlimited Courier\"},\"image\":{\"@id\":\"https:\/\/boxexpress.com\/#\/schema\/logo\/image\/\"}}]}<\/script>\n<!-- \/ Yoast SEO plugin. -->","yoast_head_json":{"title":"Boxex | Unlimited Courier","description":"Env\u00eda tus compras de manera f\u00e1cil, r\u00e1pida y segura con Boxex. Env\u00eda a Colombia, Venezuela y todo Centreoam\u00e9rica","robots":{"index":"index","follow":"follow","max-snippet":"max-snippet:-1","max-image-preview":"max-image-preview:large","max-video-preview":"max-video-preview:-1"},"canonical":"https:\/\/boxexpress.com\/en\/hagase-nuestro-agente\/","og_locale":"en_US","og_type":"article","og_title":"Boxex | Unlimited Courier","og_description":"Env\u00eda tus compras de manera f\u00e1cil, r\u00e1pida y segura con Boxex. Env\u00eda a Colombia, Venezuela y todo Centreoam\u00e9rica","og_url":"https:\/\/boxexpress.com\/en\/hagase-nuestro-agente\/","og_site_name":"Unlimited Courier","article_modified_time":"2021-03-25T13:42:53+00:00","og_image":[{"width":5604,"height":1383,"url":"https:\/\/boxexpress.com\/wp-content\/uploads\/2021\/03\/web-13.png","type":"image\/png"}],"twitter_card":"summary_large_image","schema":{"@context":"https:\/\/schema.org","@graph":[{"@type":"WebPage","@id":"https:\/\/boxexpress.com\/hagase-nuestro-agente\/","url":"https:\/\/boxexpress.com\/hagase-nuestro-agente\/","name":"Boxex | Unlimited Courier","isPartOf":{"@id":"https:\/\/boxexpress.com\/#website"},"primaryImageOfPage":{"@id":"https:\/\/boxexpress.com\/hagase-nuestro-agente\/#primaryimage"},"image":{"@id":"https:\/\/boxexpress.com\/hagase-nuestro-agente\/#primaryimage"},"thumbnailUrl":"https:\/\/boxexpress.com\/wp-content\/uploads\/2021\/03\/web-13.png","datePublished":"2021-03-17T01:02:51+00:00","dateModified":"2021-03-25T13:42:53+00:00","description":"Env\u00eda tus compras de manera f\u00e1cil, r\u00e1pida y segura con Boxex. Env\u00eda a Colombia, Venezuela y todo Centreoam\u00e9rica","breadcrumb":{"@id":"https:\/\/boxexpress.com\/hagase-nuestro-agente\/#breadcrumb"},"inLanguage":"en-US","potentialAction":[{"@type":"ReadAction","target":["https:\/\/boxexpress.com\/hagase-nuestro-agente\/"]}]},{"@type":"ImageObject","inLanguage":"en-US","@id":"https:\/\/boxexpress.com\/hagase-nuestro-agente\/#primaryimage","url":"https:\/\/boxexpress.com\/wp-content\/uploads\/2021\/03\/web-13.png","contentUrl":"https:\/\/boxexpress.com\/wp-content\/uploads\/2021\/03\/web-13.png","width":5604,"height":1383},{"@type":"BreadcrumbList","@id":"https:\/\/boxexpress.com\/hagase-nuestro-agente\/#breadcrumb","itemListElement":[{"@type":"ListItem","position":1,"name":"Home","item":"https:\/\/boxexpress.com\/"},{"@type":"ListItem","position":2,"name":"H\u00e1gase nuestro agente"}]},{"@type":"WebSite","@id":"https:\/\/boxexpress.com\/#website","url":"https:\/\/boxexpress.com\/","name":"Unlimited Courier","description":"Boxex","publisher":{"@id":"https:\/\/boxexpress.com\/#organization"},"potentialAction":[{"@type":"SearchAction","target":{"@type":"EntryPoint","urlTemplate":"https:\/\/boxexpress.com\/?s={search_term_string}"},"query-input":{"@type":"PropertyValueSpecification","valueRequired":true,"valueName":"search_term_string"}}],"inLanguage":"en-US"},{"@type":"Organization","@id":"https:\/\/boxexpress.com\/#organization","name":"Boxex I Unlimited Courier","url":"https:\/\/boxexpress.com\/","logo":{"@type":"ImageObject","inLanguage":"en-US","@id":"https:\/\/boxexpress.com\/#\/schema\/logo\/image\/","url":"https:\/\/boxexpress.com\/wp-content\/uploads\/2025\/04\/logo_boxexespress_latinmail.png","contentUrl":"https:\/\/boxexpress.com\/wp-content\/uploads\/2025\/04\/logo_boxexespress_latinmail.png","width":2048,"height":407,"caption":"Boxex I Unlimited Courier"},"image":{"@id":"https:\/\/boxexpress.com\/#\/schema\/logo\/image\/"}}]}},"_links":{"self":[{"href":"https:\/\/boxexpress.com\/en\/wp-json\/wp\/v2\/pages\/236"}],"collection":[{"href":"https:\/\/boxexpress.com\/en\/wp-json\/wp\/v2\/pages"}],"about":[{"href":"https:\/\/boxexpress.com\/en\/wp-json\/wp\/v2\/types\/page"}],"author":[{"embeddable":true,"href":"https:\/\/boxexpress.com\/en\/wp-json\/wp\/v2\/users\/1"}],"replies":[{"embeddable":true,"href":"https:\/\/boxexpress.com\/en\/wp-json\/wp\/v2\/comments?post=236"}],"version-history":[{"count":4,"href":"https:\/\/boxexpress.com\/en\/wp-json\/wp\/v2\/pages\/236\/revisions"}],"predecessor-version":[{"id":394,"href":"https:\/\/boxexpress.com\/en\/wp-json\/wp\/v2\/pages\/236\/revisions\/394"}],"wp:featuredmedia":[{"embeddable":true,"href":"https:\/\/boxexpress.com\/en\/wp-json\/wp\/v2\/media\/150"}],"wp:attachment":[{"href":"https:\/\/boxexpress.com\/en\/wp-json\/wp\/v2\/media?parent=236"}],"curies":[{"name":"wp","href":"https:\/\/api.w.org\/{rel}","templated":true}]}}