{"id":434,"date":"2021-04-27T16:03:37","date_gmt":"2021-04-27T21:03:37","guid":{"rendered":"https:\/\/boxexpress.com\/?page_id=434"},"modified":"2021-09-03T11:33:30","modified_gmt":"2021-09-03T16:33:30","slug":"blog-noticias","status":"publish","type":"page","link":"https:\/\/boxexpress.com\/en\/blog-noticias\/","title":{"rendered":"Blog \/ Noticias"},"content":{"rendered":"<p><a href=\"https:\/\/boxexpress.com\/en\/que-es-un-casillero-virtual\/\"><br \/>\n\t\t\t\t\t\t\t<img decoding=\"async\" width=\"640\" height=\"640\" src=\"https:\/\/boxexpress.com\/wp-content\/uploads\/2021\/09\/Casillero_Mesa-de-trabajo-1-1024x1024.png\" alt=\"\" loading=\"lazy\" srcset=\"https:\/\/boxexpress.com\/wp-content\/uploads\/2021\/09\/Casillero_Mesa-de-trabajo-1-1024x1024.png 1024w, https:\/\/boxexpress.com\/wp-content\/uploads\/2021\/09\/Casillero_Mesa-de-trabajo-1-300x300.png 300w, https:\/\/boxexpress.com\/wp-content\/uploads\/2021\/09\/Casillero_Mesa-de-trabajo-1-150x150.png 150w, https:\/\/boxexpress.com\/wp-content\/uploads\/2021\/09\/Casillero_Mesa-de-trabajo-1-768x768.png 768w, https:\/\/boxexpress.com\/wp-content\/uploads\/2021\/09\/Casillero_Mesa-de-trabajo-1-1536x1536.png 1536w, https:\/\/boxexpress.com\/wp-content\/uploads\/2021\/09\/Casillero_Mesa-de-trabajo-1-2048x2048.png 2048w, https:\/\/boxexpress.com\/wp-content\/uploads\/2021\/09\/Casillero_Mesa-de-trabajo-1-12x12.png 12w\" sizes=\"(max-width: 640px) 100vw, 640px\" \/>\t\t\t\t\t\t\t\t<\/a><\/p>\n<h2><a href=\"https:\/\/boxexpress.com\/en\/que-es-un-casillero-virtual\/\">\u00bfQu\u00e9 es un Casillero Virtual?<\/a><\/h2>\n<p>Un Casillero Virtual BoxEx es un servicio que te permite traer tus compras de Estados Unidos y recibirlas en la puerta de tu casa en muy pocos d\u00edas&#8230;<a style=\"background-color: #ffffff; font-size: 1rem;\" href=\"https:\/\/boxexpress.com\/en\/que-es-un-casillero-virtual\/\" target=\"_blank\" rel=\"noopener\">Leer m\u00e1s &gt;&gt;<\/a><\/p>\n<p>\t\t\t\t\t\t\t\t\t\t\t\t\t\t\t\t<a href=\"https:\/\/boxexpress.com\/en\/que-es-un-casillero-virtual\/\"><br \/>\n\t\t\t\t\t\t\t<img decoding=\"async\" width=\"640\" height=\"640\" src=\"https:\/\/boxexpress.com\/wp-content\/uploads\/2021\/09\/cohete_Mesa-de-trabajo-1-copia-1024x1024.png\" alt=\"\" loading=\"lazy\" srcset=\"https:\/\/boxexpress.com\/wp-content\/uploads\/2021\/09\/cohete_Mesa-de-trabajo-1-copia-1024x1024.png 1024w, https:\/\/boxexpress.com\/wp-content\/uploads\/2021\/09\/cohete_Mesa-de-trabajo-1-copia-300x300.png 300w, https:\/\/boxexpress.com\/wp-content\/uploads\/2021\/09\/cohete_Mesa-de-trabajo-1-copia-150x150.png 150w, https:\/\/boxexpress.com\/wp-content\/uploads\/2021\/09\/cohete_Mesa-de-trabajo-1-copia-768x768.png 768w, https:\/\/boxexpress.com\/wp-content\/uploads\/2021\/09\/cohete_Mesa-de-trabajo-1-copia-1536x1536.png 1536w, https:\/\/boxexpress.com\/wp-content\/uploads\/2021\/09\/cohete_Mesa-de-trabajo-1-copia-2048x2048.png 2048w, https:\/\/boxexpress.com\/wp-content\/uploads\/2021\/09\/cohete_Mesa-de-trabajo-1-copia-12x12.png 12w\" sizes=\"(max-width: 640px) 100vw, 640px\" \/>\t\t\t\t\t\t\t\t<\/a><\/p>\n<h2><a href=\"https:\/\/boxexpress.com\/en\/que-es-un-casillero-virtual\/\">\u00bfC\u00f3mo crear un Casillero Virtual?<\/a><\/h2>\n<p style=\"text-align: justify;\">Crear un Casillero Virtual suele\u00a0ser muy f\u00e1cil, aunque todo depende de la empresa con quien lo crees, pues existen\u00a0gran variedad de empresas que vuelven&#8230;<a style=\"font-family: var( --e-global-typography-text-font-family ), Sans-serif; font-weight: var( --e-global-typography-text-font-weight ); background-color: #ffffff; font-size: 1rem;\" href=\"https:\/\/boxexpress.com\/en\/que-es-un-casillero-virtual\/\">Leer m\u00e1s &gt;&gt;<\/a><\/p>\n<p>\t\t\t\t\t\t\t\t\t\t\t\t\t\t\t<img decoding=\"async\" width=\"640\" height=\"640\" src=\"https:\/\/boxexpress.com\/wp-content\/uploads\/2021\/09\/eL-MEJOR_Mesa-de-trabajo-1-copia-2-1-1024x1024.png\" alt=\"\" loading=\"lazy\" srcset=\"https:\/\/boxexpress.com\/wp-content\/uploads\/2021\/09\/eL-MEJOR_Mesa-de-trabajo-1-copia-2-1-1024x1024.png 1024w, https:\/\/boxexpress.com\/wp-content\/uploads\/2021\/09\/eL-MEJOR_Mesa-de-trabajo-1-copia-2-1-300x300.png 300w, https:\/\/boxexpress.com\/wp-content\/uploads\/2021\/09\/eL-MEJOR_Mesa-de-trabajo-1-copia-2-1-150x150.png 150w, https:\/\/boxexpress.com\/wp-content\/uploads\/2021\/09\/eL-MEJOR_Mesa-de-trabajo-1-copia-2-1-768x768.png 768w, https:\/\/boxexpress.com\/wp-content\/uploads\/2021\/09\/eL-MEJOR_Mesa-de-trabajo-1-copia-2-1-1536x1536.png 1536w, https:\/\/boxexpress.com\/wp-content\/uploads\/2021\/09\/eL-MEJOR_Mesa-de-trabajo-1-copia-2-1-2048x2048.png 2048w, https:\/\/boxexpress.com\/wp-content\/uploads\/2021\/09\/eL-MEJOR_Mesa-de-trabajo-1-copia-2-1-12x12.png 12w\" sizes=\"(max-width: 640px) 100vw, 640px\" \/>\t\t\t\t\t\t\t\t\t\t\t\t\t\t\t<\/p>\n<h2>\u00bfCual es el mejor Casillero Virtual en Colombia?<\/h2>\n<p>\t\t\t\t\t\t\t\t\t\t\t\t\t\t\t<img decoding=\"async\" width=\"640\" height=\"427\" src=\"https:\/\/boxexpress.com\/wp-content\/uploads\/2021\/09\/Envios-a-colombia-07-1024x683.png\" alt=\"\" loading=\"lazy\" srcset=\"https:\/\/boxexpress.com\/wp-content\/uploads\/2021\/09\/Envios-a-colombia-07-1024x683.png 1024w, https:\/\/boxexpress.com\/wp-content\/uploads\/2021\/09\/Envios-a-colombia-07-300x200.png 300w, https:\/\/boxexpress.com\/wp-content\/uploads\/2021\/09\/Envios-a-colombia-07-768x513.png 768w, https:\/\/boxexpress.com\/wp-content\/uploads\/2021\/09\/Envios-a-colombia-07-16x12.png 16w, https:\/\/boxexpress.com\/wp-content\/uploads\/2021\/09\/Envios-a-colombia-07.png 1296w\" sizes=\"(max-width: 640px) 100vw, 640px\" \/>\t\t\t\t\t\t\t\t\t\t\t\t\t\t\t<\/p>\n<h2><a href=\"https:\/\/boxexpress.com\/en\/envio-a-colombia\/\">Env\u00edo de paquetes a Colombia<\/a><\/h2>\n<p>\u00bfNecesitas enviar paquetes a Colombia desde Estados unidos? Llevamos tu paquetes de 1 hasta 110 libras a un precio super econ\u00f3mico de forma r\u00e1pida, segura y barata&#8230;<a href=\"https:\/\/boxexpress.com\/en\/envio-a-colombia\/\">Leer m\u00e1s &gt;&gt;<\/a><\/p>","protected":false},"excerpt":{"rendered":"<p>\u00bfQu\u00e9 es un Casillero Virtual? Un Casillero Virtual BoxEx es un servicio que te permite traer tus compras de Estados Unidos y recibirlas en la puerta de tu casa en muy pocos d\u00edas&#8230;Leer m\u00e1s &gt;&gt; \u00bfC\u00f3mo crear un Casillero Virtual? Crear un Casillero Virtual suele\u00a0ser muy f\u00e1cil, aunque todo depende de la empresa con quien [&hellip;]<\/p>","protected":false},"author":1,"featured_media":150,"parent":0,"menu_order":0,"comment_status":"closed","ping_status":"open","template":"blog-noticias\/blog-noticias.php","meta":{"footnotes":""},"class_list":["post-434","page","type-page","status-publish","has-post-thumbnail","hentry"],"yoast_head":"<!-- This site is optimized with the Yoast SEO plugin v23.5 - https:\/\/yoast.com\/wordpress\/plugins\/seo\/ -->\n<title>Boxex | Unlimited Courier<\/title>\n<meta name=\"description\" content=\"Env\u00eda tus compras de manera f\u00e1cil, r\u00e1pida y segura con Boxex. Env\u00eda a Colombia, Venezuela y todo Centreoam\u00e9rica\" \/>\n<meta name=\"robots\" content=\"index, follow, max-snippet:-1, max-image-preview:large, max-video-preview:-1\" \/>\n<link rel=\"canonical\" href=\"https:\/\/boxexpress.com\/en\/blog-noticias\/\" \/>\n<meta property=\"og:locale\" content=\"en_US\" \/>\n<meta property=\"og:type\" content=\"article\" \/>\n<meta property=\"og:title\" content=\"Boxex | Unlimited Courier\" \/>\n<meta property=\"og:description\" content=\"Env\u00eda tus compras de manera f\u00e1cil, r\u00e1pida y segura con Boxex. Env\u00eda a Colombia, Venezuela y todo Centreoam\u00e9rica\" \/>\n<meta property=\"og:url\" content=\"https:\/\/boxexpress.com\/en\/blog-noticias\/\" \/>\n<meta property=\"og:site_name\" content=\"Unlimited Courier\" \/>\n<meta property=\"article:modified_time\" content=\"2021-09-03T16:33:30+00:00\" \/>\n<meta property=\"og:image\" content=\"https:\/\/boxexpress.com\/wp-content\/uploads\/2021\/03\/web-13.png\" \/>\n\t<meta property=\"og:image:width\" content=\"5604\" \/>\n\t<meta property=\"og:image:height\" content=\"1383\" \/>\n\t<meta property=\"og:image:type\" content=\"image\/png\" \/>\n<meta name=\"twitter:card\" content=\"summary_large_image\" \/>\n<meta name=\"twitter:label1\" content=\"Est. reading time\" \/>\n\t<meta name=\"twitter:data1\" content=\"2 minutes\" \/>\n<script type=\"application\/ld+json\" class=\"yoast-schema-graph\">{\"@context\":\"https:\/\/schema.org\",\"@graph\":[{\"@type\":\"WebPage\",\"@id\":\"https:\/\/boxexpress.com\/blog-noticias\/\",\"url\":\"https:\/\/boxexpress.com\/blog-noticias\/\",\"name\":\"Boxex | Unlimited Courier\",\"isPartOf\":{\"@id\":\"https:\/\/boxexpress.com\/#website\"},\"primaryImageOfPage\":{\"@id\":\"https:\/\/boxexpress.com\/blog-noticias\/#primaryimage\"},\"image\":{\"@id\":\"https:\/\/boxexpress.com\/blog-noticias\/#primaryimage\"},\"thumbnailUrl\":\"https:\/\/boxexpress.com\/wp-content\/uploads\/2021\/03\/web-13.png\",\"datePublished\":\"2021-04-27T21:03:37+00:00\",\"dateModified\":\"2021-09-03T16:33:30+00:00\",\"description\":\"Env\u00eda tus compras de manera f\u00e1cil, r\u00e1pida y segura con Boxex. Env\u00eda a Colombia, Venezuela y todo Centreoam\u00e9rica\",\"breadcrumb\":{\"@id\":\"https:\/\/boxexpress.com\/blog-noticias\/#breadcrumb\"},\"inLanguage\":\"en-US\",\"potentialAction\":[{\"@type\":\"ReadAction\",\"target\":[\"https:\/\/boxexpress.com\/blog-noticias\/\"]}]},{\"@type\":\"ImageObject\",\"inLanguage\":\"en-US\",\"@id\":\"https:\/\/boxexpress.com\/blog-noticias\/#primaryimage\",\"url\":\"https:\/\/boxexpress.com\/wp-content\/uploads\/2021\/03\/web-13.png\",\"contentUrl\":\"https:\/\/boxexpress.com\/wp-content\/uploads\/2021\/03\/web-13.png\",\"width\":5604,\"height\":1383},{\"@type\":\"BreadcrumbList\",\"@id\":\"https:\/\/boxexpress.com\/blog-noticias\/#breadcrumb\",\"itemListElement\":[{\"@type\":\"ListItem\",\"position\":1,\"name\":\"Home\",\"item\":\"https:\/\/boxexpress.com\/\"},{\"@type\":\"ListItem\",\"position\":2,\"name\":\"Blog \/ Noticias\"}]},{\"@type\":\"WebSite\",\"@id\":\"https:\/\/boxexpress.com\/#website\",\"url\":\"https:\/\/boxexpress.com\/\",\"name\":\"Unlimited Courier\",\"description\":\"Boxex\",\"publisher\":{\"@id\":\"https:\/\/boxexpress.com\/#organization\"},\"potentialAction\":[{\"@type\":\"SearchAction\",\"target\":{\"@type\":\"EntryPoint\",\"urlTemplate\":\"https:\/\/boxexpress.com\/?s={search_term_string}\"},\"query-input\":{\"@type\":\"PropertyValueSpecification\",\"valueRequired\":true,\"valueName\":\"search_term_string\"}}],\"inLanguage\":\"en-US\"},{\"@type\":\"Organization\",\"@id\":\"https:\/\/boxexpress.com\/#organization\",\"name\":\"Boxex I Unlimited Courier\",\"url\":\"https:\/\/boxexpress.com\/\",\"logo\":{\"@type\":\"ImageObject\",\"inLanguage\":\"en-US\",\"@id\":\"https:\/\/boxexpress.com\/#\/schema\/logo\/image\/\",\"url\":\"https:\/\/boxexpress.com\/wp-content\/uploads\/2025\/04\/logo_boxexespress_latinmail.png\",\"contentUrl\":\"https:\/\/boxexpress.com\/wp-content\/uploads\/2025\/04\/logo_boxexespress_latinmail.png\",\"width\":2048,\"height\":407,\"caption\":\"Boxex I Unlimited Courier\"},\"image\":{\"@id\":\"https:\/\/boxexpress.com\/#\/schema\/logo\/image\/\"}}]}<\/script>\n<!-- \/ Yoast SEO plugin. -->","yoast_head_json":{"title":"Boxex | Unlimited Courier","description":"Env\u00eda tus compras de manera f\u00e1cil, r\u00e1pida y segura con Boxex. Env\u00eda a Colombia, Venezuela y todo Centreoam\u00e9rica","robots":{"index":"index","follow":"follow","max-snippet":"max-snippet:-1","max-image-preview":"max-image-preview:large","max-video-preview":"max-video-preview:-1"},"canonical":"https:\/\/boxexpress.com\/en\/blog-noticias\/","og_locale":"en_US","og_type":"article","og_title":"Boxex | Unlimited Courier","og_description":"Env\u00eda tus compras de manera f\u00e1cil, r\u00e1pida y segura con Boxex. Env\u00eda a Colombia, Venezuela y todo Centreoam\u00e9rica","og_url":"https:\/\/boxexpress.com\/en\/blog-noticias\/","og_site_name":"Unlimited Courier","article_modified_time":"2021-09-03T16:33:30+00:00","og_image":[{"width":5604,"height":1383,"url":"https:\/\/boxexpress.com\/wp-content\/uploads\/2021\/03\/web-13.png","type":"image\/png"}],"twitter_card":"summary_large_image","twitter_misc":{"Est. reading time":"2 minutes"},"schema":{"@context":"https:\/\/schema.org","@graph":[{"@type":"WebPage","@id":"https:\/\/boxexpress.com\/blog-noticias\/","url":"https:\/\/boxexpress.com\/blog-noticias\/","name":"Boxex | Unlimited Courier","isPartOf":{"@id":"https:\/\/boxexpress.com\/#website"},"primaryImageOfPage":{"@id":"https:\/\/boxexpress.com\/blog-noticias\/#primaryimage"},"image":{"@id":"https:\/\/boxexpress.com\/blog-noticias\/#primaryimage"},"thumbnailUrl":"https:\/\/boxexpress.com\/wp-content\/uploads\/2021\/03\/web-13.png","datePublished":"2021-04-27T21:03:37+00:00","dateModified":"2021-09-03T16:33:30+00:00","description":"Env\u00eda tus compras de manera f\u00e1cil, r\u00e1pida y segura con Boxex. Env\u00eda a Colombia, Venezuela y todo Centreoam\u00e9rica","breadcrumb":{"@id":"https:\/\/boxexpress.com\/blog-noticias\/#breadcrumb"},"inLanguage":"en-US","potentialAction":[{"@type":"ReadAction","target":["https:\/\/boxexpress.com\/blog-noticias\/"]}]},{"@type":"ImageObject","inLanguage":"en-US","@id":"https:\/\/boxexpress.com\/blog-noticias\/#primaryimage","url":"https:\/\/boxexpress.com\/wp-content\/uploads\/2021\/03\/web-13.png","contentUrl":"https:\/\/boxexpress.com\/wp-content\/uploads\/2021\/03\/web-13.png","width":5604,"height":1383},{"@type":"BreadcrumbList","@id":"https:\/\/boxexpress.com\/blog-noticias\/#breadcrumb","itemListElement":[{"@type":"ListItem","position":1,"name":"Home","item":"https:\/\/boxexpress.com\/"},{"@type":"ListItem","position":2,"name":"Blog \/ Noticias"}]},{"@type":"WebSite","@id":"https:\/\/boxexpress.com\/#website","url":"https:\/\/boxexpress.com\/","name":"Unlimited Courier","description":"Boxex","publisher":{"@id":"https:\/\/boxexpress.com\/#organization"},"potentialAction":[{"@type":"SearchAction","target":{"@type":"EntryPoint","urlTemplate":"https:\/\/boxexpress.com\/?s={search_term_string}"},"query-input":{"@type":"PropertyValueSpecification","valueRequired":true,"valueName":"search_term_string"}}],"inLanguage":"en-US"},{"@type":"Organization","@id":"https:\/\/boxexpress.com\/#organization","name":"Boxex I Unlimited Courier","url":"https:\/\/boxexpress.com\/","logo":{"@type":"ImageObject","inLanguage":"en-US","@id":"https:\/\/boxexpress.com\/#\/schema\/logo\/image\/","url":"https:\/\/boxexpress.com\/wp-content\/uploads\/2025\/04\/logo_boxexespress_latinmail.png","contentUrl":"https:\/\/boxexpress.com\/wp-content\/uploads\/2025\/04\/logo_boxexespress_latinmail.png","width":2048,"height":407,"caption":"Boxex I Unlimited Courier"},"image":{"@id":"https:\/\/boxexpress.com\/#\/schema\/logo\/image\/"}}]}},"_links":{"self":[{"href":"https:\/\/boxexpress.com\/en\/wp-json\/wp\/v2\/pages\/434"}],"collection":[{"href":"https:\/\/boxexpress.com\/en\/wp-json\/wp\/v2\/pages"}],"about":[{"href":"https:\/\/boxexpress.com\/en\/wp-json\/wp\/v2\/types\/page"}],"author":[{"embeddable":true,"href":"https:\/\/boxexpress.com\/en\/wp-json\/wp\/v2\/users\/1"}],"replies":[{"embeddable":true,"href":"https:\/\/boxexpress.com\/en\/wp-json\/wp\/v2\/comments?post=434"}],"version-history":[{"count":85,"href":"https:\/\/boxexpress.com\/en\/wp-json\/wp\/v2\/pages\/434\/revisions"}],"predecessor-version":[{"id":758,"href":"https:\/\/boxexpress.com\/en\/wp-json\/wp\/v2\/pages\/434\/revisions\/758"}],"wp:featuredmedia":[{"embeddable":true,"href":"https:\/\/boxexpress.com\/en\/wp-json\/wp\/v2\/media\/150"}],"wp:attachment":[{"href":"https:\/\/boxexpress.com\/en\/wp-json\/wp\/v2\/media?parent=434"}],"curies":[{"name":"wp","href":"https:\/\/api.w.org\/{rel}","templated":true}]}}