{"id":823,"date":"2021-12-07T18:10:03","date_gmt":"2021-12-07T23:10:03","guid":{"rendered":"https:\/\/boxexpress.com\/?page_id=823"},"modified":"2021-12-07T18:26:29","modified_gmt":"2021-12-07T23:26:29","slug":"promocion-diciembre","status":"publish","type":"page","link":"https:\/\/boxexpress.com\/en\/promocion-diciembre\/","title":{"rendered":"Promoci\u00f3n Diciembre"},"content":{"rendered":"<p><img decoding=\"async\" width=\"601\" height=\"801\" src=\"https:\/\/boxexpress.com\/wp-content\/uploads\/2021\/12\/mail-diciembre-18.jpg\" alt=\"\" loading=\"lazy\" srcset=\"https:\/\/boxexpress.com\/wp-content\/uploads\/2021\/12\/mail-diciembre-18.jpg 601w, https:\/\/boxexpress.com\/wp-content\/uploads\/2021\/12\/mail-diciembre-18-225x300.jpg 225w, https:\/\/boxexpress.com\/wp-content\/uploads\/2021\/12\/mail-diciembre-18-9x12.jpg 9w\" sizes=\"(max-width: 601px) 100vw, 601px\" \/><br \/>\n\t\t\t\t\t\t\t\t\t\t\t\t\t\t\t<img decoding=\"async\" width=\"500\" height=\"300\" src=\"https:\/\/boxexpress.com\/wp-content\/uploads\/2021\/12\/boxex.png\" alt=\"\" loading=\"lazy\" srcset=\"https:\/\/boxexpress.com\/wp-content\/uploads\/2021\/12\/boxex.png 500w, https:\/\/boxexpress.com\/wp-content\/uploads\/2021\/12\/boxex-300x180.png 300w, https:\/\/boxexpress.com\/wp-content\/uploads\/2021\/12\/boxex-16x10.png 16w\" sizes=\"(max-width: 500px) 100vw, 500px\" \/><br \/>\n\t\t\t<a href=\"tel:(305) 5932152\" role=\"button\"><br \/>\n\t\t\t\t\t\tLLAMAR<br \/>\n\t\t\t\t\t<\/a><br \/>\n\t\t\t\t\t\t\t\t\t\t\t\t\t\t\t<img decoding=\"async\" width=\"500\" height=\"300\" src=\"https:\/\/boxexpress.com\/wp-content\/uploads\/2021\/12\/boxex.png\" alt=\"\" loading=\"lazy\" srcset=\"https:\/\/boxexpress.com\/wp-content\/uploads\/2021\/12\/boxex.png 500w, https:\/\/boxexpress.com\/wp-content\/uploads\/2021\/12\/boxex-300x180.png 300w, https:\/\/boxexpress.com\/wp-content\/uploads\/2021\/12\/boxex-16x10.png 16w\" sizes=\"(max-width: 500px) 100vw, 500px\" \/><br \/>\n\t\t\t\t\t\t\t\t\t\t\t\t\t\t\t<img decoding=\"async\" width=\"500\" height=\"300\" src=\"https:\/\/boxexpress.com\/wp-content\/uploads\/2021\/12\/boxex.png\" alt=\"\" loading=\"lazy\" srcset=\"https:\/\/boxexpress.com\/wp-content\/uploads\/2021\/12\/boxex.png 500w, https:\/\/boxexpress.com\/wp-content\/uploads\/2021\/12\/boxex-300x180.png 300w, https:\/\/boxexpress.com\/wp-content\/uploads\/2021\/12\/boxex-16x10.png 16w\" sizes=\"(max-width: 500px) 100vw, 500px\" \/><br \/>\n\t\t\t\t\t\t\t\t\t\t\t\t\t\t\t<img decoding=\"async\" width=\"500\" height=\"300\" src=\"https:\/\/boxexpress.com\/wp-content\/uploads\/2021\/12\/boxex.png\" alt=\"\" loading=\"lazy\" srcset=\"https:\/\/boxexpress.com\/wp-content\/uploads\/2021\/12\/boxex.png 500w, https:\/\/boxexpress.com\/wp-content\/uploads\/2021\/12\/boxex-300x180.png 300w, https:\/\/boxexpress.com\/wp-content\/uploads\/2021\/12\/boxex-16x10.png 16w\" sizes=\"(max-width: 500px) 100vw, 500px\" \/><br \/>\n\t\t\t\t\t\t\t\t\t\t\t\t\t\t\t<img decoding=\"async\" width=\"500\" height=\"300\" src=\"https:\/\/boxexpress.com\/wp-content\/uploads\/2021\/12\/boxex.png\" alt=\"\" loading=\"lazy\" srcset=\"https:\/\/boxexpress.com\/wp-content\/uploads\/2021\/12\/boxex.png 500w, https:\/\/boxexpress.com\/wp-content\/uploads\/2021\/12\/boxex-300x180.png 300w, https:\/\/boxexpress.com\/wp-content\/uploads\/2021\/12\/boxex-16x10.png 16w\" sizes=\"(max-width: 500px) 100vw, 500px\" \/><br \/>\n\t\t\t\t\t\t\t\t\t\t\t\t\t\t\t<img decoding=\"async\" width=\"500\" height=\"300\" src=\"https:\/\/boxexpress.com\/wp-content\/uploads\/2021\/12\/boxex.png\" alt=\"\" loading=\"lazy\" srcset=\"https:\/\/boxexpress.com\/wp-content\/uploads\/2021\/12\/boxex.png 500w, https:\/\/boxexpress.com\/wp-content\/uploads\/2021\/12\/boxex-300x180.png 300w, https:\/\/boxexpress.com\/wp-content\/uploads\/2021\/12\/boxex-16x10.png 16w\" sizes=\"(max-width: 500px) 100vw, 500px\" \/><br \/>\n\t\t\t\t\t\t\t\t\t\t\t\t\t\t\t<img decoding=\"async\" width=\"500\" height=\"300\" src=\"https:\/\/boxexpress.com\/wp-content\/uploads\/2021\/12\/boxex.png\" alt=\"\" loading=\"lazy\" srcset=\"https:\/\/boxexpress.com\/wp-content\/uploads\/2021\/12\/boxex.png 500w, https:\/\/boxexpress.com\/wp-content\/uploads\/2021\/12\/boxex-300x180.png 300w, https:\/\/boxexpress.com\/wp-content\/uploads\/2021\/12\/boxex-16x10.png 16w\" sizes=\"(max-width: 500px) 100vw, 500px\" \/><br \/>\n\t\t\t\t\t\t\t\t\t\t\t\t\t\t\t<img decoding=\"async\" width=\"500\" height=\"300\" src=\"https:\/\/boxexpress.com\/wp-content\/uploads\/2021\/12\/boxex.png\" alt=\"\" loading=\"lazy\" srcset=\"https:\/\/boxexpress.com\/wp-content\/uploads\/2021\/12\/boxex.png 500w, https:\/\/boxexpress.com\/wp-content\/uploads\/2021\/12\/boxex-300x180.png 300w, https:\/\/boxexpress.com\/wp-content\/uploads\/2021\/12\/boxex-16x10.png 16w\" sizes=\"(max-width: 500px) 100vw, 500px\" \/><\/p>","protected":false},"excerpt":{"rendered":"<p>LLAMAR<\/p>","protected":false},"author":1,"featured_media":0,"parent":0,"menu_order":0,"comment_status":"closed","ping_status":"closed","template":"blog-noticias\/blog-noticias.php","meta":{"footnotes":""},"class_list":["post-823","page","type-page","status-publish","hentry"],"yoast_head":"<!-- This site is optimized with the Yoast SEO plugin v23.5 - https:\/\/yoast.com\/wordpress\/plugins\/seo\/ -->\n<title>Promoci\u00f3n Diciembre | Unlimited Courier Promoci\u00f3n Diciembre %<\/title>\n<meta name=\"description\" content=\"Un Casillero Virtual es un servicio que te facilita la forma de traer tus compras desde Estados Unidos. Creando tu Casillero Virtual BoxEx tienes derecho a una direcci\u00f3n f\u00edsica en Miami que podr\u00e1s utilizar de forma gratuita.\" \/>\n<meta name=\"robots\" content=\"index, follow, max-snippet:-1, max-image-preview:large, max-video-preview:-1\" \/>\n<link rel=\"canonical\" href=\"https:\/\/boxexpress.com\/en\/promocion-diciembre\/\" \/>\n<meta property=\"og:locale\" content=\"en_US\" \/>\n<meta property=\"og:type\" content=\"article\" \/>\n<meta property=\"og:title\" content=\"Promoci\u00f3n Diciembre | Unlimited Courier Promoci\u00f3n Diciembre %\" \/>\n<meta property=\"og:description\" content=\"Un Casillero Virtual es un servicio que te facilita la forma de traer tus compras desde Estados Unidos. Creando tu Casillero Virtual BoxEx tienes derecho a una direcci\u00f3n f\u00edsica en Miami que podr\u00e1s utilizar de forma gratuita.\" \/>\n<meta property=\"og:url\" content=\"https:\/\/boxexpress.com\/en\/promocion-diciembre\/\" \/>\n<meta property=\"og:site_name\" content=\"Unlimited Courier\" \/>\n<meta property=\"article:modified_time\" content=\"2021-12-07T23:26:29+00:00\" \/>\n<meta property=\"og:image\" content=\"https:\/\/boxexpress.com\/wp-content\/uploads\/2021\/12\/mail-diciembre-18.jpg\" \/>\n<meta name=\"twitter:card\" content=\"summary_large_image\" \/>\n<meta name=\"twitter:label1\" content=\"Est. reading time\" \/>\n\t<meta name=\"twitter:data1\" content=\"2 minutes\" \/>\n<script type=\"application\/ld+json\" class=\"yoast-schema-graph\">{\"@context\":\"https:\/\/schema.org\",\"@graph\":[{\"@type\":\"WebPage\",\"@id\":\"https:\/\/boxexpress.com\/promocion-diciembre\/\",\"url\":\"https:\/\/boxexpress.com\/promocion-diciembre\/\",\"name\":\"Promoci\u00f3n Diciembre | Unlimited Courier Promoci\u00f3n Diciembre %\",\"isPartOf\":{\"@id\":\"https:\/\/boxexpress.com\/#website\"},\"primaryImageOfPage\":{\"@id\":\"https:\/\/boxexpress.com\/promocion-diciembre\/#primaryimage\"},\"image\":{\"@id\":\"https:\/\/boxexpress.com\/promocion-diciembre\/#primaryimage\"},\"thumbnailUrl\":\"https:\/\/boxexpress.com\/wp-content\/uploads\/2021\/12\/mail-diciembre-18.jpg\",\"datePublished\":\"2021-12-07T23:10:03+00:00\",\"dateModified\":\"2021-12-07T23:26:29+00:00\",\"description\":\"Un Casillero Virtual es un servicio que te facilita la forma de traer tus compras desde Estados Unidos. Creando tu Casillero Virtual BoxEx tienes derecho a una direcci\u00f3n f\u00edsica en Miami que podr\u00e1s utilizar de forma gratuita.\",\"breadcrumb\":{\"@id\":\"https:\/\/boxexpress.com\/promocion-diciembre\/#breadcrumb\"},\"inLanguage\":\"en-US\",\"potentialAction\":[{\"@type\":\"ReadAction\",\"target\":[\"https:\/\/boxexpress.com\/promocion-diciembre\/\"]}]},{\"@type\":\"ImageObject\",\"inLanguage\":\"en-US\",\"@id\":\"https:\/\/boxexpress.com\/promocion-diciembre\/#primaryimage\",\"url\":\"https:\/\/boxexpress.com\/wp-content\/uploads\/2021\/12\/mail-diciembre-18.jpg\",\"contentUrl\":\"https:\/\/boxexpress.com\/wp-content\/uploads\/2021\/12\/mail-diciembre-18.jpg\"},{\"@type\":\"BreadcrumbList\",\"@id\":\"https:\/\/boxexpress.com\/promocion-diciembre\/#breadcrumb\",\"itemListElement\":[{\"@type\":\"ListItem\",\"position\":1,\"name\":\"Home\",\"item\":\"https:\/\/boxexpress.com\/\"},{\"@type\":\"ListItem\",\"position\":2,\"name\":\"Promoci\u00f3n Diciembre\"}]},{\"@type\":\"WebSite\",\"@id\":\"https:\/\/boxexpress.com\/#website\",\"url\":\"https:\/\/boxexpress.com\/\",\"name\":\"Unlimited Courier\",\"description\":\"Boxex\",\"publisher\":{\"@id\":\"https:\/\/boxexpress.com\/#organization\"},\"potentialAction\":[{\"@type\":\"SearchAction\",\"target\":{\"@type\":\"EntryPoint\",\"urlTemplate\":\"https:\/\/boxexpress.com\/?s={search_term_string}\"},\"query-input\":{\"@type\":\"PropertyValueSpecification\",\"valueRequired\":true,\"valueName\":\"search_term_string\"}}],\"inLanguage\":\"en-US\"},{\"@type\":\"Organization\",\"@id\":\"https:\/\/boxexpress.com\/#organization\",\"name\":\"Boxex I Unlimited Courier\",\"url\":\"https:\/\/boxexpress.com\/\",\"logo\":{\"@type\":\"ImageObject\",\"inLanguage\":\"en-US\",\"@id\":\"https:\/\/boxexpress.com\/#\/schema\/logo\/image\/\",\"url\":\"https:\/\/boxexpress.com\/wp-content\/uploads\/2025\/04\/logo_boxexespress_latinmail.png\",\"contentUrl\":\"https:\/\/boxexpress.com\/wp-content\/uploads\/2025\/04\/logo_boxexespress_latinmail.png\",\"width\":2048,\"height\":407,\"caption\":\"Boxex I Unlimited Courier\"},\"image\":{\"@id\":\"https:\/\/boxexpress.com\/#\/schema\/logo\/image\/\"}}]}<\/script>\n<!-- \/ Yoast SEO plugin. -->","yoast_head_json":{"title":"Promoci\u00f3n Diciembre | Unlimited Courier Promoci\u00f3n Diciembre %","description":"Un Casillero Virtual es un servicio que te facilita la forma de traer tus compras desde Estados Unidos. Creando tu Casillero Virtual BoxEx tienes derecho a una direcci\u00f3n f\u00edsica en Miami que podr\u00e1s utilizar de forma gratuita.","robots":{"index":"index","follow":"follow","max-snippet":"max-snippet:-1","max-image-preview":"max-image-preview:large","max-video-preview":"max-video-preview:-1"},"canonical":"https:\/\/boxexpress.com\/en\/promocion-diciembre\/","og_locale":"en_US","og_type":"article","og_title":"Promoci\u00f3n Diciembre | Unlimited Courier Promoci\u00f3n Diciembre %","og_description":"Un Casillero Virtual es un servicio que te facilita la forma de traer tus compras desde Estados Unidos. Creando tu Casillero Virtual BoxEx tienes derecho a una direcci\u00f3n f\u00edsica en Miami que podr\u00e1s utilizar de forma gratuita.","og_url":"https:\/\/boxexpress.com\/en\/promocion-diciembre\/","og_site_name":"Unlimited Courier","article_modified_time":"2021-12-07T23:26:29+00:00","og_image":[{"url":"https:\/\/boxexpress.com\/wp-content\/uploads\/2021\/12\/mail-diciembre-18.jpg"}],"twitter_card":"summary_large_image","twitter_misc":{"Est. reading time":"2 minutes"},"schema":{"@context":"https:\/\/schema.org","@graph":[{"@type":"WebPage","@id":"https:\/\/boxexpress.com\/promocion-diciembre\/","url":"https:\/\/boxexpress.com\/promocion-diciembre\/","name":"Promoci\u00f3n Diciembre | Unlimited Courier Promoci\u00f3n Diciembre %","isPartOf":{"@id":"https:\/\/boxexpress.com\/#website"},"primaryImageOfPage":{"@id":"https:\/\/boxexpress.com\/promocion-diciembre\/#primaryimage"},"image":{"@id":"https:\/\/boxexpress.com\/promocion-diciembre\/#primaryimage"},"thumbnailUrl":"https:\/\/boxexpress.com\/wp-content\/uploads\/2021\/12\/mail-diciembre-18.jpg","datePublished":"2021-12-07T23:10:03+00:00","dateModified":"2021-12-07T23:26:29+00:00","description":"Un Casillero Virtual es un servicio que te facilita la forma de traer tus compras desde Estados Unidos. Creando tu Casillero Virtual BoxEx tienes derecho a una direcci\u00f3n f\u00edsica en Miami que podr\u00e1s utilizar de forma gratuita.","breadcrumb":{"@id":"https:\/\/boxexpress.com\/promocion-diciembre\/#breadcrumb"},"inLanguage":"en-US","potentialAction":[{"@type":"ReadAction","target":["https:\/\/boxexpress.com\/promocion-diciembre\/"]}]},{"@type":"ImageObject","inLanguage":"en-US","@id":"https:\/\/boxexpress.com\/promocion-diciembre\/#primaryimage","url":"https:\/\/boxexpress.com\/wp-content\/uploads\/2021\/12\/mail-diciembre-18.jpg","contentUrl":"https:\/\/boxexpress.com\/wp-content\/uploads\/2021\/12\/mail-diciembre-18.jpg"},{"@type":"BreadcrumbList","@id":"https:\/\/boxexpress.com\/promocion-diciembre\/#breadcrumb","itemListElement":[{"@type":"ListItem","position":1,"name":"Home","item":"https:\/\/boxexpress.com\/"},{"@type":"ListItem","position":2,"name":"Promoci\u00f3n Diciembre"}]},{"@type":"WebSite","@id":"https:\/\/boxexpress.com\/#website","url":"https:\/\/boxexpress.com\/","name":"Unlimited Courier","description":"Boxex","publisher":{"@id":"https:\/\/boxexpress.com\/#organization"},"potentialAction":[{"@type":"SearchAction","target":{"@type":"EntryPoint","urlTemplate":"https:\/\/boxexpress.com\/?s={search_term_string}"},"query-input":{"@type":"PropertyValueSpecification","valueRequired":true,"valueName":"search_term_string"}}],"inLanguage":"en-US"},{"@type":"Organization","@id":"https:\/\/boxexpress.com\/#organization","name":"Boxex I Unlimited Courier","url":"https:\/\/boxexpress.com\/","logo":{"@type":"ImageObject","inLanguage":"en-US","@id":"https:\/\/boxexpress.com\/#\/schema\/logo\/image\/","url":"https:\/\/boxexpress.com\/wp-content\/uploads\/2025\/04\/logo_boxexespress_latinmail.png","contentUrl":"https:\/\/boxexpress.com\/wp-content\/uploads\/2025\/04\/logo_boxexespress_latinmail.png","width":2048,"height":407,"caption":"Boxex I Unlimited Courier"},"image":{"@id":"https:\/\/boxexpress.com\/#\/schema\/logo\/image\/"}}]}},"_links":{"self":[{"href":"https:\/\/boxexpress.com\/en\/wp-json\/wp\/v2\/pages\/823"}],"collection":[{"href":"https:\/\/boxexpress.com\/en\/wp-json\/wp\/v2\/pages"}],"about":[{"href":"https:\/\/boxexpress.com\/en\/wp-json\/wp\/v2\/types\/page"}],"author":[{"embeddable":true,"href":"https:\/\/boxexpress.com\/en\/wp-json\/wp\/v2\/users\/1"}],"replies":[{"embeddable":true,"href":"https:\/\/boxexpress.com\/en\/wp-json\/wp\/v2\/comments?post=823"}],"version-history":[{"count":9,"href":"https:\/\/boxexpress.com\/en\/wp-json\/wp\/v2\/pages\/823\/revisions"}],"predecessor-version":[{"id":832,"href":"https:\/\/boxexpress.com\/en\/wp-json\/wp\/v2\/pages\/823\/revisions\/832"}],"wp:attachment":[{"href":"https:\/\/boxexpress.com\/en\/wp-json\/wp\/v2\/media?parent=823"}],"curies":[{"name":"wp","href":"https:\/\/api.w.org\/{rel}","templated":true}]}}