{"id":937,"date":"2022-05-18T15:35:34","date_gmt":"2022-05-18T20:35:34","guid":{"rendered":"http:\/\/localhost\/boxexpress2021\/?page_id=937"},"modified":"2022-05-18T15:35:34","modified_gmt":"2022-05-18T20:35:34","slug":"pagos-2","status":"publish","type":"page","link":"https:\/\/boxexpress.com\/en\/pagos-2\/","title":{"rendered":"pagos2"},"content":{"rendered":"<p>HoLA<\/p>","protected":false},"excerpt":{"rendered":"<p>HoLA<\/p>","protected":false},"author":1,"featured_media":0,"parent":0,"menu_order":0,"comment_status":"closed","ping_status":"closed","template":"","meta":{"footnotes":""},"class_list":["post-937","page","type-page","status-publish","hentry"],"yoast_head":"<!-- This site is optimized with the Yoast SEO plugin v23.5 - https:\/\/yoast.com\/wordpress\/plugins\/seo\/ -->\n<title>Boxex | Unlimited Courier<\/title>\n<meta name=\"description\" content=\"Env\u00eda tus compras de manera f\u00e1cil, r\u00e1pida y segura con Boxex. Env\u00eda a Colombia, Venezuela y todo Centreoam\u00e9rica\" \/>\n<meta name=\"robots\" content=\"index, follow, max-snippet:-1, max-image-preview:large, max-video-preview:-1\" \/>\n<link rel=\"canonical\" href=\"https:\/\/boxexpress.com\/en\/pagos-2\/\" \/>\n<meta property=\"og:locale\" content=\"en_US\" \/>\n<meta property=\"og:type\" content=\"article\" \/>\n<meta property=\"og:title\" content=\"Boxex | Unlimited Courier\" \/>\n<meta property=\"og:description\" content=\"Env\u00eda tus compras de manera f\u00e1cil, r\u00e1pida y segura con Boxex. Env\u00eda a Colombia, Venezuela y todo Centreoam\u00e9rica\" \/>\n<meta property=\"og:url\" content=\"https:\/\/boxexpress.com\/en\/pagos-2\/\" \/>\n<meta property=\"og:site_name\" content=\"Unlimited Courier\" \/>\n<meta name=\"twitter:card\" content=\"summary_large_image\" \/>\n<script type=\"application\/ld+json\" class=\"yoast-schema-graph\">{\"@context\":\"https:\/\/schema.org\",\"@graph\":[{\"@type\":\"WebPage\",\"@id\":\"https:\/\/boxexpress.com\/pagos-2\/\",\"url\":\"https:\/\/boxexpress.com\/pagos-2\/\",\"name\":\"Boxex | Unlimited Courier\",\"isPartOf\":{\"@id\":\"https:\/\/boxexpress.com\/#website\"},\"datePublished\":\"2022-05-18T20:35:34+00:00\",\"dateModified\":\"2022-05-18T20:35:34+00:00\",\"description\":\"Env\u00eda tus compras de manera f\u00e1cil, r\u00e1pida y segura con Boxex. Env\u00eda a Colombia, Venezuela y todo Centreoam\u00e9rica\",\"breadcrumb\":{\"@id\":\"https:\/\/boxexpress.com\/pagos-2\/#breadcrumb\"},\"inLanguage\":\"en-US\",\"potentialAction\":[{\"@type\":\"ReadAction\",\"target\":[\"https:\/\/boxexpress.com\/pagos-2\/\"]}]},{\"@type\":\"BreadcrumbList\",\"@id\":\"https:\/\/boxexpress.com\/pagos-2\/#breadcrumb\",\"itemListElement\":[{\"@type\":\"ListItem\",\"position\":1,\"name\":\"Home\",\"item\":\"https:\/\/boxexpress.com\/\"},{\"@type\":\"ListItem\",\"position\":2,\"name\":\"pagos2\"}]},{\"@type\":\"WebSite\",\"@id\":\"https:\/\/boxexpress.com\/#website\",\"url\":\"https:\/\/boxexpress.com\/\",\"name\":\"Unlimited Courier\",\"description\":\"Boxex\",\"publisher\":{\"@id\":\"https:\/\/boxexpress.com\/#organization\"},\"potentialAction\":[{\"@type\":\"SearchAction\",\"target\":{\"@type\":\"EntryPoint\",\"urlTemplate\":\"https:\/\/boxexpress.com\/?s={search_term_string}\"},\"query-input\":{\"@type\":\"PropertyValueSpecification\",\"valueRequired\":true,\"valueName\":\"search_term_string\"}}],\"inLanguage\":\"en-US\"},{\"@type\":\"Organization\",\"@id\":\"https:\/\/boxexpress.com\/#organization\",\"name\":\"Boxex I Unlimited Courier\",\"url\":\"https:\/\/boxexpress.com\/\",\"logo\":{\"@type\":\"ImageObject\",\"inLanguage\":\"en-US\",\"@id\":\"https:\/\/boxexpress.com\/#\/schema\/logo\/image\/\",\"url\":\"https:\/\/boxexpress.com\/wp-content\/uploads\/2025\/04\/logo_boxexespress_latinmail.png\",\"contentUrl\":\"https:\/\/boxexpress.com\/wp-content\/uploads\/2025\/04\/logo_boxexespress_latinmail.png\",\"width\":2048,\"height\":407,\"caption\":\"Boxex I Unlimited Courier\"},\"image\":{\"@id\":\"https:\/\/boxexpress.com\/#\/schema\/logo\/image\/\"}}]}<\/script>\n<!-- \/ Yoast SEO plugin. -->","yoast_head_json":{"title":"Boxex | Unlimited Courier","description":"Env\u00eda tus compras de manera f\u00e1cil, r\u00e1pida y segura con Boxex. Env\u00eda a Colombia, Venezuela y todo Centreoam\u00e9rica","robots":{"index":"index","follow":"follow","max-snippet":"max-snippet:-1","max-image-preview":"max-image-preview:large","max-video-preview":"max-video-preview:-1"},"canonical":"https:\/\/boxexpress.com\/en\/pagos-2\/","og_locale":"en_US","og_type":"article","og_title":"Boxex | Unlimited Courier","og_description":"Env\u00eda tus compras de manera f\u00e1cil, r\u00e1pida y segura con Boxex. Env\u00eda a Colombia, Venezuela y todo Centreoam\u00e9rica","og_url":"https:\/\/boxexpress.com\/en\/pagos-2\/","og_site_name":"Unlimited Courier","twitter_card":"summary_large_image","schema":{"@context":"https:\/\/schema.org","@graph":[{"@type":"WebPage","@id":"https:\/\/boxexpress.com\/pagos-2\/","url":"https:\/\/boxexpress.com\/pagos-2\/","name":"Boxex | Unlimited Courier","isPartOf":{"@id":"https:\/\/boxexpress.com\/#website"},"datePublished":"2022-05-18T20:35:34+00:00","dateModified":"2022-05-18T20:35:34+00:00","description":"Env\u00eda tus compras de manera f\u00e1cil, r\u00e1pida y segura con Boxex. Env\u00eda a Colombia, Venezuela y todo Centreoam\u00e9rica","breadcrumb":{"@id":"https:\/\/boxexpress.com\/pagos-2\/#breadcrumb"},"inLanguage":"en-US","potentialAction":[{"@type":"ReadAction","target":["https:\/\/boxexpress.com\/pagos-2\/"]}]},{"@type":"BreadcrumbList","@id":"https:\/\/boxexpress.com\/pagos-2\/#breadcrumb","itemListElement":[{"@type":"ListItem","position":1,"name":"Home","item":"https:\/\/boxexpress.com\/"},{"@type":"ListItem","position":2,"name":"pagos2"}]},{"@type":"WebSite","@id":"https:\/\/boxexpress.com\/#website","url":"https:\/\/boxexpress.com\/","name":"Unlimited Courier","description":"Boxex","publisher":{"@id":"https:\/\/boxexpress.com\/#organization"},"potentialAction":[{"@type":"SearchAction","target":{"@type":"EntryPoint","urlTemplate":"https:\/\/boxexpress.com\/?s={search_term_string}"},"query-input":{"@type":"PropertyValueSpecification","valueRequired":true,"valueName":"search_term_string"}}],"inLanguage":"en-US"},{"@type":"Organization","@id":"https:\/\/boxexpress.com\/#organization","name":"Boxex I Unlimited Courier","url":"https:\/\/boxexpress.com\/","logo":{"@type":"ImageObject","inLanguage":"en-US","@id":"https:\/\/boxexpress.com\/#\/schema\/logo\/image\/","url":"https:\/\/boxexpress.com\/wp-content\/uploads\/2025\/04\/logo_boxexespress_latinmail.png","contentUrl":"https:\/\/boxexpress.com\/wp-content\/uploads\/2025\/04\/logo_boxexespress_latinmail.png","width":2048,"height":407,"caption":"Boxex I Unlimited Courier"},"image":{"@id":"https:\/\/boxexpress.com\/#\/schema\/logo\/image\/"}}]}},"_links":{"self":[{"href":"https:\/\/boxexpress.com\/en\/wp-json\/wp\/v2\/pages\/937"}],"collection":[{"href":"https:\/\/boxexpress.com\/en\/wp-json\/wp\/v2\/pages"}],"about":[{"href":"https:\/\/boxexpress.com\/en\/wp-json\/wp\/v2\/types\/page"}],"author":[{"embeddable":true,"href":"https:\/\/boxexpress.com\/en\/wp-json\/wp\/v2\/users\/1"}],"replies":[{"embeddable":true,"href":"https:\/\/boxexpress.com\/en\/wp-json\/wp\/v2\/comments?post=937"}],"version-history":[{"count":1,"href":"https:\/\/boxexpress.com\/en\/wp-json\/wp\/v2\/pages\/937\/revisions"}],"predecessor-version":[{"id":938,"href":"https:\/\/boxexpress.com\/en\/wp-json\/wp\/v2\/pages\/937\/revisions\/938"}],"wp:attachment":[{"href":"https:\/\/boxexpress.com\/en\/wp-json\/wp\/v2\/media?parent=937"}],"curies":[{"name":"wp","href":"https:\/\/api.w.org\/{rel}","templated":true}]}}